{"id":19,"date":"2026-02-10T09:39:14","date_gmt":"2026-02-10T09:39:14","guid":{"rendered":"https:\/\/albacarmona.fpcei.eu\/?page_id=19"},"modified":"2026-02-25T20:07:51","modified_gmt":"2026-02-25T20:07:51","slug":"personajes","status":"publish","type":"page","link":"https:\/\/albacarmona.fpcei.eu\/?page_id=19","title":{"rendered":"Personajes Importantes"},"content":{"rendered":"\n<figure class=\"wp-block-image alignright size-large is-resized\"><img loading=\"lazy\" decoding=\"async\" width=\"1024\" height=\"576\" src=\"https:\/\/albacarmona.fpcei.eu\/wp-content\/uploads\/2026\/01\/NgKvu8G2coskQXj74MoKcE-1024x576.jpg\" alt=\"\" class=\"wp-image-30\" style=\"width:376px;height:auto\" srcset=\"https:\/\/albacarmona.fpcei.eu\/wp-content\/uploads\/2026\/01\/NgKvu8G2coskQXj74MoKcE-1024x576.jpg 1024w, https:\/\/albacarmona.fpcei.eu\/wp-content\/uploads\/2026\/01\/NgKvu8G2coskQXj74MoKcE-300x169.jpg 300w, https:\/\/albacarmona.fpcei.eu\/wp-content\/uploads\/2026\/01\/NgKvu8G2coskQXj74MoKcE-768x432.jpg 768w, https:\/\/albacarmona.fpcei.eu\/wp-content\/uploads\/2026\/01\/NgKvu8G2coskQXj74MoKcE.jpg 1280w\" sizes=\"auto, (max-width: 1024px) 100vw, 1024px\" \/><\/figure>\n\n\n\n<div class=\"wp-block-group is-nowrap is-layout-flex wp-container-core-group-is-layout-6c531013 wp-block-group-is-layout-flex\">\n<p>Esta saga de pel\u00edculas se caracteriza por ocurrir dentro de una escuela de magia, por lo que, tenemos una gran variedad de personajes. <\/p>\n\n\n\n<p>Principalmente tenemos a los protagonistas y luego tambi\u00e9n tenemos a profesores y alumnos que sin ellos la saga no ser\u00eda la misma. Empezamos con el trio protagonista:<\/p>\n<\/div>\n\n\n\n<p>&#8230;&#8230;&#8230;&#8230;&#8230;&#8230;&#8230;&#8230;&#8230;&#8230;&#8230;&#8230;&#8230;&#8230;&#8230;&#8230;&#8230;&#8230;&#8230;&#8230;&#8230;&#8230;&#8230;&#8230;&#8230;&#8230;&#8230;&#8230;&#8230;&#8230;&#8230;<\/p>\n\n\n\n<figure class=\"wp-block-image alignleft size-large is-resized\"><img loading=\"lazy\" decoding=\"async\" width=\"1024\" height=\"537\" src=\"https:\/\/albacarmona.fpcei.eu\/wp-content\/uploads\/2026\/01\/harry-potter-1024x537.jpg\" alt=\"\" class=\"wp-image-42\" style=\"aspect-ratio:1.9069617037002817;width:580px;height:auto\" srcset=\"https:\/\/albacarmona.fpcei.eu\/wp-content\/uploads\/2026\/01\/harry-potter-1024x537.jpg 1024w, https:\/\/albacarmona.fpcei.eu\/wp-content\/uploads\/2026\/01\/harry-potter-300x157.jpg 300w, https:\/\/albacarmona.fpcei.eu\/wp-content\/uploads\/2026\/01\/harry-potter-768x403.jpg 768w, https:\/\/albacarmona.fpcei.eu\/wp-content\/uploads\/2026\/01\/harry-potter-1536x806.jpg 1536w, https:\/\/albacarmona.fpcei.eu\/wp-content\/uploads\/2026\/01\/harry-potter-2048x1074.jpg 2048w\" sizes=\"auto, (max-width: 1024px) 100vw, 1024px\" \/><\/figure>\n\n\n\n<div class=\"wp-block-group is-nowrap is-layout-flex wp-container-core-group-is-layout-6c531013 wp-block-group-is-layout-flex\">\n<p>Harry Potter, el elegido, un ni\u00f1o hu\u00e9rfano que pierde a sus padres cuando es un beb\u00e9 ya que los mata Voldemort y tiene que irse a vivir con sus t\u00edos y su primo. En la batalla que tienen sus padres con Voldemort, \u00e9l mismo le hace una cicatriz en la frente de un rayo. <\/p>\n\n\n\n<p>Al llegar a la edad de 11 a\u00f1os se entera de que sus padres eran magos y que por lo tanto el debe ir a una escuela de magia llamada Hogwarts ya que le llegan las cartas de la escuela. Este lleva gafas, tiene los ojos azules y es noble y valiente.<\/p>\n<\/div>\n\n\n\n<div style=\"height:15px;width:0px\" aria-hidden=\"true\" class=\"wp-block-spacer\"><\/div>\n\n\n\n<figure class=\"wp-block-image alignright size-full is-resized\"><img loading=\"lazy\" decoding=\"async\" width=\"700\" height=\"394\" src=\"https:\/\/albacarmona.fpcei.eu\/wp-content\/uploads\/2026\/01\/579f5daddd0895f33d8b475c-edited-1.jpg\" alt=\"\" class=\"wp-image-46\" style=\"aspect-ratio:1.7767566532644075;width:525px;height:auto\" srcset=\"https:\/\/albacarmona.fpcei.eu\/wp-content\/uploads\/2026\/01\/579f5daddd0895f33d8b475c-edited-1.jpg 700w, https:\/\/albacarmona.fpcei.eu\/wp-content\/uploads\/2026\/01\/579f5daddd0895f33d8b475c-edited-1-300x169.jpg 300w\" sizes=\"auto, (max-width: 700px) 100vw, 700px\" \/><\/figure>\n\n\n\n<div class=\"wp-block-group is-vertical is-layout-flex wp-container-core-group-is-layout-d6b9ab57 wp-block-group-is-layout-flex\">\n<p>El segundo personaje de este tr\u00edo ser\u00eda Ronald Weasley, Un chico pelirrojo con pecas y con sangre pura. Viene de una familia muy grande y pobre que viven en una casa la cual la llaman \u00abLa Madriguera\u00bb. <\/p>\n\n\n\n<p>Es el sexto hijo de Arthur y Molly Weasley y cuando entr\u00f3 a Hogwarts entro a la misma casa que Harry y que Hermione. Y en las pel\u00edculas se convierte en el guardi\u00e1n del equipo de Quidditch de Gryffindor. Su mayor miedo son las ara\u00f1as y es leal, miedoso y gracioso.<\/p>\n\n\n\n<div style=\"height:7px\" aria-hidden=\"true\" class=\"wp-block-spacer wp-container-content-22f7c694\"><\/div>\n<\/div>\n\n\n\n<figure class=\"wp-block-image alignleft size-large is-resized\"><img loading=\"lazy\" decoding=\"async\" width=\"1920\" height=\"1080\" src=\"https:\/\/albacarmona.fpcei.eu\/wp-content\/uploads\/2026\/01\/hermione-granger-1uygjsxmwqwgrluu-edited.jpg\" alt=\"\" class=\"wp-image-47\" style=\"width:555px;height:auto\" srcset=\"https:\/\/albacarmona.fpcei.eu\/wp-content\/uploads\/2026\/01\/hermione-granger-1uygjsxmwqwgrluu-edited.jpg 1920w, https:\/\/albacarmona.fpcei.eu\/wp-content\/uploads\/2026\/01\/hermione-granger-1uygjsxmwqwgrluu-edited-300x169.jpg 300w, https:\/\/albacarmona.fpcei.eu\/wp-content\/uploads\/2026\/01\/hermione-granger-1uygjsxmwqwgrluu-edited-1024x576.jpg 1024w, https:\/\/albacarmona.fpcei.eu\/wp-content\/uploads\/2026\/01\/hermione-granger-1uygjsxmwqwgrluu-edited-768x432.jpg 768w, https:\/\/albacarmona.fpcei.eu\/wp-content\/uploads\/2026\/01\/hermione-granger-1uygjsxmwqwgrluu-edited-1536x864.jpg 1536w\" sizes=\"auto, (max-width: 1920px) 100vw, 1920px\" \/><\/figure>\n\n\n\n<div class=\"wp-block-group is-nowrap is-layout-flex wp-container-core-group-is-layout-6c531013 wp-block-group-is-layout-flex\">\n<p>Y por \u00faltimo tenemos a Hermione, el tercer personaje de este tr\u00edo tan importante. Ella es la \u00fanica chica del tr\u00edo, es sangre sucia, superdotada, ingeniosa y es la mente del grupo.<\/p>\n\n\n\n<p>Tiene el pelo moreno y rizado y sus padres no son magos y ella misma hace que ellos se olviden de ella para no pasar peligro por ser los padres de ella. Entr\u00f3 en la misma casa que Ron y Harry.<\/p>\n<\/div>\n\n\n\n<div class=\"wp-block-group is-vertical is-layout-flex wp-container-core-group-is-layout-fe9cc265 wp-block-group-is-layout-flex\">\n<div style=\"height:52px\" aria-hidden=\"true\" class=\"wp-block-spacer wp-container-content-ebfaf734\"><\/div>\n<\/div>\n\n\n\n<div class=\"wp-block-group alignwide is-vertical is-layout-flex wp-container-core-group-is-layout-fe9cc265 wp-block-group-is-layout-flex\">\n<p>Adem\u00e1s de estos personajes, hay muchos profesores y alumnos que han ayudado mucho a que la saga fuera lo que fue. De profesores tenemos a Albus Dumbledore, Severus Snape, Minerva McGonagall y Rubeus Hagrid<\/p>\n<\/div>\n\n\n\n<div class=\"wp-block-columns is-layout-flex wp-container-core-columns-is-layout-28f84493 wp-block-columns-is-layout-flex\">\n<div class=\"wp-block-column is-layout-flow wp-block-column-is-layout-flow\">\n<figure class=\"wp-block-image size-full\"><img loading=\"lazy\" decoding=\"async\" width=\"1200\" height=\"1200\" src=\"https:\/\/albacarmona.fpcei.eu\/wp-content\/uploads\/2026\/01\/AlbusDumbledore_WB_F6_DumbledoreSittingInChair_Promo_080615_Port-edited.jpg\" alt=\"\" class=\"wp-image-50\" srcset=\"https:\/\/albacarmona.fpcei.eu\/wp-content\/uploads\/2026\/01\/AlbusDumbledore_WB_F6_DumbledoreSittingInChair_Promo_080615_Port-edited.jpg 1200w, https:\/\/albacarmona.fpcei.eu\/wp-content\/uploads\/2026\/01\/AlbusDumbledore_WB_F6_DumbledoreSittingInChair_Promo_080615_Port-edited-300x300.jpg 300w, https:\/\/albacarmona.fpcei.eu\/wp-content\/uploads\/2026\/01\/AlbusDumbledore_WB_F6_DumbledoreSittingInChair_Promo_080615_Port-edited-1024x1024.jpg 1024w, https:\/\/albacarmona.fpcei.eu\/wp-content\/uploads\/2026\/01\/AlbusDumbledore_WB_F6_DumbledoreSittingInChair_Promo_080615_Port-edited-150x150.jpg 150w, https:\/\/albacarmona.fpcei.eu\/wp-content\/uploads\/2026\/01\/AlbusDumbledore_WB_F6_DumbledoreSittingInChair_Promo_080615_Port-edited-768x768.jpg 768w\" sizes=\"auto, (max-width: 1200px) 100vw, 1200px\" \/><\/figure>\n<\/div>\n\n\n\n<div class=\"wp-block-column is-layout-flow wp-block-column-is-layout-flow\">\n<figure class=\"wp-block-image size-full\"><img loading=\"lazy\" decoding=\"async\" width=\"609\" height=\"609\" src=\"https:\/\/albacarmona.fpcei.eu\/wp-content\/uploads\/2026\/01\/8-detalles-conmovedores-sobre-severus-snape-que-no-todos-vimos-en-las-peliculas-edited.jpg\" alt=\"\" class=\"wp-image-52\" srcset=\"https:\/\/albacarmona.fpcei.eu\/wp-content\/uploads\/2026\/01\/8-detalles-conmovedores-sobre-severus-snape-que-no-todos-vimos-en-las-peliculas-edited.jpg 609w, https:\/\/albacarmona.fpcei.eu\/wp-content\/uploads\/2026\/01\/8-detalles-conmovedores-sobre-severus-snape-que-no-todos-vimos-en-las-peliculas-edited-300x300.jpg 300w, https:\/\/albacarmona.fpcei.eu\/wp-content\/uploads\/2026\/01\/8-detalles-conmovedores-sobre-severus-snape-que-no-todos-vimos-en-las-peliculas-edited-150x150.jpg 150w\" sizes=\"auto, (max-width: 609px) 100vw, 609px\" \/><\/figure>\n<\/div>\n\n\n\n<div class=\"wp-block-column is-layout-flow wp-block-column-is-layout-flow\">\n<figure class=\"wp-block-image size-full\"><img loading=\"lazy\" decoding=\"async\" width=\"735\" height=\"735\" src=\"https:\/\/albacarmona.fpcei.eu\/wp-content\/uploads\/2026\/01\/descarga-2-edited.jpg\" alt=\"\" class=\"wp-image-54\" srcset=\"https:\/\/albacarmona.fpcei.eu\/wp-content\/uploads\/2026\/01\/descarga-2-edited.jpg 735w, https:\/\/albacarmona.fpcei.eu\/wp-content\/uploads\/2026\/01\/descarga-2-edited-300x300.jpg 300w, https:\/\/albacarmona.fpcei.eu\/wp-content\/uploads\/2026\/01\/descarga-2-edited-150x150.jpg 150w\" sizes=\"auto, (max-width: 735px) 100vw, 735px\" \/><\/figure>\n<\/div>\n\n\n\n<div class=\"wp-block-column is-layout-flow wp-block-column-is-layout-flow\">\n<figure class=\"wp-block-image size-full\"><img loading=\"lazy\" decoding=\"async\" width=\"500\" height=\"500\" src=\"https:\/\/albacarmona.fpcei.eu\/wp-content\/uploads\/2026\/01\/descarga-3.jpg\" alt=\"\" class=\"wp-image-55\" srcset=\"https:\/\/albacarmona.fpcei.eu\/wp-content\/uploads\/2026\/01\/descarga-3.jpg 500w, https:\/\/albacarmona.fpcei.eu\/wp-content\/uploads\/2026\/01\/descarga-3-300x300.jpg 300w, https:\/\/albacarmona.fpcei.eu\/wp-content\/uploads\/2026\/01\/descarga-3-150x150.jpg 150w\" sizes=\"auto, (max-width: 500px) 100vw, 500px\" \/><\/figure>\n<\/div>\n<\/div>\n\n\n\n<figure class=\"wp-block-image alignright size-full is-resized\"><img loading=\"lazy\" decoding=\"async\" width=\"473\" height=\"266\" src=\"https:\/\/albacarmona.fpcei.eu\/wp-content\/uploads\/2026\/02\/0_yfme03hh-1-edited.jpg\" alt=\"\" class=\"wp-image-175\" style=\"width:485px;height:auto\" srcset=\"https:\/\/albacarmona.fpcei.eu\/wp-content\/uploads\/2026\/02\/0_yfme03hh-1-edited.jpg 473w, https:\/\/albacarmona.fpcei.eu\/wp-content\/uploads\/2026\/02\/0_yfme03hh-1-edited-300x169.jpg 300w\" sizes=\"auto, (max-width: 473px) 100vw, 473px\" \/><\/figure>\n\n\n\n<div class=\"wp-block-group is-nowrap is-layout-flex wp-container-core-group-is-layout-6c531013 wp-block-group-is-layout-flex\">\n<div class=\"wp-block-group alignwide is-vertical is-layout-flex wp-container-core-group-is-layout-fe9cc265 wp-block-group-is-layout-flex\">\n<div style=\"height:8px\" aria-hidden=\"true\" class=\"wp-block-spacer wp-container-content-7d115344\"><\/div>\n\n\n\n<p>Albus Dumbledore: director de Hogwarts y uno de los magos m\u00e1s poderosos de su \u00e9poca. Fue fundador y l\u00edder de la Orden del F\u00e9nix. Derrot\u00f3 a Gellert Grindelwald en su juventud y es el \u00fanico mago al que Voldemort realmente tem\u00eda. <\/p>\n\n\n\n<p>Aunque es sabio y benevolente, tambi\u00e9n es estrat\u00e9gico y guarda secretos dif\u00edciles, incluso para proteger a Harry. <\/p>\n\n\n\n<p>Su pasado, especialmente su relaci\u00f3n con Grindelwald y su familia, muestra un lado m\u00e1s humano y complejo.<\/p>\n\n\n\n<div style=\"height:9px\" aria-hidden=\"true\" class=\"wp-block-spacer wp-container-content-579443fb\"><\/div>\n<\/div>\n<\/div>\n\n\n\n<figure class=\"wp-block-image alignleft size-large is-resized\"><img loading=\"lazy\" decoding=\"async\" width=\"1024\" height=\"480\" src=\"https:\/\/albacarmona.fpcei.eu\/wp-content\/uploads\/2026\/02\/diarios-alan-rickman-severus-snape-harry-potter-publicaran-libro-memorias-1-1024x480.jpg\" alt=\"\" class=\"wp-image-165\" style=\"width:541px;height:auto\" srcset=\"https:\/\/albacarmona.fpcei.eu\/wp-content\/uploads\/2026\/02\/diarios-alan-rickman-severus-snape-harry-potter-publicaran-libro-memorias-1-1024x480.jpg 1024w, https:\/\/albacarmona.fpcei.eu\/wp-content\/uploads\/2026\/02\/diarios-alan-rickman-severus-snape-harry-potter-publicaran-libro-memorias-1-300x141.jpg 300w, https:\/\/albacarmona.fpcei.eu\/wp-content\/uploads\/2026\/02\/diarios-alan-rickman-severus-snape-harry-potter-publicaran-libro-memorias-1-768x360.jpg 768w, https:\/\/albacarmona.fpcei.eu\/wp-content\/uploads\/2026\/02\/diarios-alan-rickman-severus-snape-harry-potter-publicaran-libro-memorias-1.jpg 1362w\" sizes=\"auto, (max-width: 1024px) 100vw, 1024px\" \/><\/figure>\n\n\n\n<div class=\"wp-block-group is-nowrap is-layout-flex wp-container-core-group-is-layout-6c531013 wp-block-group-is-layout-flex\">\n<p>Severus Snape: Profesor de Pociones y director de Slytherin. Antiguo mort\u00edfago que luego act\u00faa como doble agente para Dumbledore. Su amor por Lily Potter marca toda su vida y explica muchas de sus decisiones. <\/p>\n\n\n\n<p>Aunque trata con dureza a Harry, en realidad lo protege constantemente. Es uno de los personajes m\u00e1s tr\u00e1gicos y complejos de la saga.<\/p>\n<\/div>\n\n\n\n<div class=\"wp-block-group is-vertical is-layout-flex wp-container-core-group-is-layout-fe9cc265 wp-block-group-is-layout-flex\">\n<div style=\"height:21px\" aria-hidden=\"true\" class=\"wp-block-spacer wp-container-content-a94db315\"><\/div>\n<\/div>\n\n\n\n<figure class=\"wp-block-image alignright size-large is-resized\"><img loading=\"lazy\" decoding=\"async\" width=\"1024\" height=\"519\" src=\"https:\/\/albacarmona.fpcei.eu\/wp-content\/uploads\/2026\/02\/HP-F4-goblet-of-fire-mcgonagall-desk-web-landscape-1-1024x519.jpg\" alt=\"\" class=\"wp-image-168\" style=\"aspect-ratio:1.9732205778717407;width:514px;height:auto\" srcset=\"https:\/\/albacarmona.fpcei.eu\/wp-content\/uploads\/2026\/02\/HP-F4-goblet-of-fire-mcgonagall-desk-web-landscape-1-1024x519.jpg 1024w, https:\/\/albacarmona.fpcei.eu\/wp-content\/uploads\/2026\/02\/HP-F4-goblet-of-fire-mcgonagall-desk-web-landscape-1-300x152.jpg 300w, https:\/\/albacarmona.fpcei.eu\/wp-content\/uploads\/2026\/02\/HP-F4-goblet-of-fire-mcgonagall-desk-web-landscape-1-768x389.jpg 768w, https:\/\/albacarmona.fpcei.eu\/wp-content\/uploads\/2026\/02\/HP-F4-goblet-of-fire-mcgonagall-desk-web-landscape-1-1536x778.jpg 1536w, https:\/\/albacarmona.fpcei.eu\/wp-content\/uploads\/2026\/02\/HP-F4-goblet-of-fire-mcgonagall-desk-web-landscape-1.jpg 2000w\" sizes=\"auto, (max-width: 1024px) 100vw, 1024px\" \/><\/figure>\n\n\n\n<div class=\"wp-block-group is-nowrap is-layout-flex wp-container-core-group-is-layout-6c531013 wp-block-group-is-layout-flex\">\n<p>Minerva McGonagall: Profesora de Transformaciones y animaga (puede transformarse en gato). Es estricta, disciplinada y extremadamente justa. <\/p>\n\n\n\n<p>Fiel colaboradora de Dumbledore y miembro activa de la Orden del F\u00e9nix. Durante la batalla final de Hogwarts demuestra gran liderazgo, valent\u00eda y poder m\u00e1gico.<\/p>\n<\/div>\n\n\n\n<div class=\"wp-block-group is-vertical is-layout-flex wp-container-core-group-is-layout-fe9cc265 wp-block-group-is-layout-flex\">\n<div style=\"height:18px\" aria-hidden=\"true\" class=\"wp-block-spacer wp-container-content-7a8a7e73\"><\/div>\n<\/div>\n\n\n\n<figure class=\"wp-block-image alignleft size-large is-resized\"><img loading=\"lazy\" decoding=\"async\" width=\"1024\" height=\"506\" src=\"https:\/\/albacarmona.fpcei.eu\/wp-content\/uploads\/2026\/02\/RubeusHagrid_WB_F3_HagridsFaceLookingSadBeforeExecution_Still_080615_Land-1024x506.jpg\" alt=\"\" class=\"wp-image-169\" style=\"aspect-ratio:2.02373020047928;width:400px;height:auto\" srcset=\"https:\/\/albacarmona.fpcei.eu\/wp-content\/uploads\/2026\/02\/RubeusHagrid_WB_F3_HagridsFaceLookingSadBeforeExecution_Still_080615_Land-1024x506.jpg 1024w, https:\/\/albacarmona.fpcei.eu\/wp-content\/uploads\/2026\/02\/RubeusHagrid_WB_F3_HagridsFaceLookingSadBeforeExecution_Still_080615_Land-300x148.jpg 300w, https:\/\/albacarmona.fpcei.eu\/wp-content\/uploads\/2026\/02\/RubeusHagrid_WB_F3_HagridsFaceLookingSadBeforeExecution_Still_080615_Land-768x379.jpg 768w, https:\/\/albacarmona.fpcei.eu\/wp-content\/uploads\/2026\/02\/RubeusHagrid_WB_F3_HagridsFaceLookingSadBeforeExecution_Still_080615_Land-1536x759.jpg 1536w, https:\/\/albacarmona.fpcei.eu\/wp-content\/uploads\/2026\/02\/RubeusHagrid_WB_F3_HagridsFaceLookingSadBeforeExecution_Still_080615_Land-2048x1012.jpg 2048w\" sizes=\"auto, (max-width: 1024px) 100vw, 1024px\" \/><\/figure>\n\n\n\n<div class=\"wp-block-group is-nowrap is-layout-flex wp-container-core-group-is-layout-6c531013 wp-block-group-is-layout-flex\">\n<p>Rubeus Hagrid: Guardabosques y luego profesor de Cuidado de Criaturas M\u00e1gicas. Fue expulsado injustamente de Hogwarts cuando era joven, pero Dumbledore siempre confi\u00f3 en \u00e9l. <\/p>\n\n\n\n<p>Es medio gigante, lo que explica su gran tama\u00f1o y fuerza. Aunque a veces es imprudente, su lealtad y bondad hacia Harry son inquebrantables.<\/p>\n<\/div>\n\n\n\n<div class=\"wp-block-group alignwide is-vertical is-layout-flex wp-container-core-group-is-layout-fe9cc265 wp-block-group-is-layout-flex\">\n<p>Tambien cabe destacar un gran personaje que ha tenido mucho que ver en toda la historia de la saga. Este personaje es Draco Malfoy.<\/p>\n<\/div>\n\n\n\n<figure class=\"wp-block-image alignright size-large is-resized\"><img loading=\"lazy\" decoding=\"async\" width=\"1024\" height=\"576\" src=\"https:\/\/albacarmona.fpcei.eu\/wp-content\/uploads\/2026\/02\/a5938b2e-c71c-4829-ad7f-888f70513670_16-9-discover-aspect-ratio_default_0-1024x576.jpg\" alt=\"\" class=\"wp-image-170\" style=\"width:381px;height:auto\" srcset=\"https:\/\/albacarmona.fpcei.eu\/wp-content\/uploads\/2026\/02\/a5938b2e-c71c-4829-ad7f-888f70513670_16-9-discover-aspect-ratio_default_0-1024x576.jpg 1024w, https:\/\/albacarmona.fpcei.eu\/wp-content\/uploads\/2026\/02\/a5938b2e-c71c-4829-ad7f-888f70513670_16-9-discover-aspect-ratio_default_0-300x169.jpg 300w, https:\/\/albacarmona.fpcei.eu\/wp-content\/uploads\/2026\/02\/a5938b2e-c71c-4829-ad7f-888f70513670_16-9-discover-aspect-ratio_default_0-768x432.jpg 768w, https:\/\/albacarmona.fpcei.eu\/wp-content\/uploads\/2026\/02\/a5938b2e-c71c-4829-ad7f-888f70513670_16-9-discover-aspect-ratio_default_0.jpg 1200w\" sizes=\"auto, (max-width: 1024px) 100vw, 1024px\" \/><\/figure>\n\n\n\n<div class=\"wp-block-group alignwide is-content-justification-center is-nowrap is-layout-flex wp-container-core-group-is-layout-23441af8 wp-block-group-is-layout-flex\">\n<p>Draco Malfoy: Hijo de Lucius y Narcissa Malfoy. Criado en una familia de ideolog\u00eda pura, comienza como antagonista arrogante. <\/p>\n\n\n\n<p>Sin embargo, al crecer muestra miedo y dudas, especialmente cuando Voldemort le encarga una misi\u00f3n peligrosa. <\/p>\n\n\n\n<p>Su evoluci\u00f3n revela que no es completamente malo, sino presionado por su entorno.<\/p>\n<\/div>\n\n\n\n<div class=\"wp-block-group alignwide is-vertical is-layout-flex wp-container-core-group-is-layout-fe9cc265 wp-block-group-is-layout-flex\">\n<div style=\"height:21px\" aria-hidden=\"true\" class=\"wp-block-spacer wp-container-content-a94db315\"><\/div>\n<\/div>\n\n\n\n<p>Otro personaje importante sobre todo a finales de la saga en las pel\u00edculas es Dobby.<\/p>\n\n\n\n<figure class=\"wp-block-image alignleft size-large is-resized\"><img loading=\"lazy\" decoding=\"async\" width=\"1024\" height=\"576\" src=\"https:\/\/albacarmona.fpcei.eu\/wp-content\/uploads\/2026\/02\/image-24-1024x576.png\" alt=\"\" class=\"wp-image-171\" style=\"width:452px;height:auto\" srcset=\"https:\/\/albacarmona.fpcei.eu\/wp-content\/uploads\/2026\/02\/image-24-1024x576.png 1024w, https:\/\/albacarmona.fpcei.eu\/wp-content\/uploads\/2026\/02\/image-24-300x169.png 300w, https:\/\/albacarmona.fpcei.eu\/wp-content\/uploads\/2026\/02\/image-24-768x432.png 768w, https:\/\/albacarmona.fpcei.eu\/wp-content\/uploads\/2026\/02\/image-24.png 1280w\" sizes=\"auto, (max-width: 1024px) 100vw, 1024px\" \/><\/figure>\n\n\n\n<div class=\"wp-block-group is-nowrap is-layout-flex wp-container-core-group-is-layout-6c531013 wp-block-group-is-layout-flex\">\n<p>Dobby: Elfo dom\u00e9stico que serv\u00eda a la familia Malfoy hasta que Harry lo ayuda a obtener la libertad. Es profundamente leal y siempre intenta proteger a Harry, aunque sus m\u00e9todos a veces causan problemas. <\/p>\n\n\n\n<p>Su valent\u00eda y sacrificio lo convierten en uno de los personajes m\u00e1s queridos.<\/p>\n<\/div>\n\n\n\n<div class=\"wp-block-group is-vertical is-layout-flex wp-container-core-group-is-layout-fe9cc265 wp-block-group-is-layout-flex\">\n<div style=\"height:44px\" aria-hidden=\"true\" class=\"wp-block-spacer wp-container-content-442e7b1a\"><\/div>\n<\/div>\n\n\n\n<p>Y como olvidarnos del t\u00edo de Harry Potter: Sirius Black.<\/p>\n\n\n\n<figure class=\"wp-block-image alignright size-full\"><img loading=\"lazy\" decoding=\"async\" width=\"640\" height=\"284\" src=\"https:\/\/albacarmona.fpcei.eu\/wp-content\/uploads\/2026\/02\/6900ef50e1dc4.jpg\" alt=\"\" class=\"wp-image-172\" srcset=\"https:\/\/albacarmona.fpcei.eu\/wp-content\/uploads\/2026\/02\/6900ef50e1dc4.jpg 640w, https:\/\/albacarmona.fpcei.eu\/wp-content\/uploads\/2026\/02\/6900ef50e1dc4-300x133.jpg 300w\" sizes=\"auto, (max-width: 640px) 100vw, 640px\" \/><\/figure>\n\n\n\n<div class=\"wp-block-group is-nowrap is-layout-flex wp-container-core-group-is-layout-6c531013 wp-block-group-is-layout-flex\">\n<p>Sirius Black: Mejor amigo de James Potter y padrino de Harry. Miembro de la Orden del F\u00e9nix. <\/p>\n\n\n\n<p>Fue acusado injustamente de traicionar a los padres de Harry y pas\u00f3 a\u00f1os en Azkaban. Valiente, impulsivo y leal, se convierte en una figura paterna para Harry. Su muerte es uno de los momentos m\u00e1s dolorosos de la saga.<\/p>\n<\/div>\n\n\n\n<div class=\"wp-block-group is-vertical is-layout-flex wp-container-core-group-is-layout-fe9cc265 wp-block-group-is-layout-flex\">\n<div style=\"height:21px\" aria-hidden=\"true\" class=\"wp-block-spacer wp-container-content-a94db315\"><\/div>\n<\/div>\n\n\n\n<div class=\"wp-block-group alignwide is-vertical is-layout-flex wp-container-core-group-is-layout-fe9cc265 wp-block-group-is-layout-flex\">\n<p class=\"has-text-align-center\">Y por \u00faltimo tenemos el personaje que sin \u00e9l no habr\u00eda empezado esta magn\u00edfica saga de libros y pel\u00edculas.<\/p>\n<\/div>\n\n\n\n<figure class=\"wp-block-image alignleft size-full is-resized\"><img loading=\"lazy\" decoding=\"async\" width=\"420\" height=\"227\" src=\"https:\/\/albacarmona.fpcei.eu\/wp-content\/uploads\/2026\/02\/3c9b067d-8499-4c99-80e0-5aadfd38e6e7_560_420.jpg\" alt=\"\" class=\"wp-image-173\" style=\"width:547px;height:auto\" srcset=\"https:\/\/albacarmona.fpcei.eu\/wp-content\/uploads\/2026\/02\/3c9b067d-8499-4c99-80e0-5aadfd38e6e7_560_420.jpg 420w, https:\/\/albacarmona.fpcei.eu\/wp-content\/uploads\/2026\/02\/3c9b067d-8499-4c99-80e0-5aadfd38e6e7_560_420-300x162.jpg 300w\" sizes=\"auto, (max-width: 420px) 100vw, 420px\" \/><\/figure>\n\n\n\n<div class=\"wp-block-group is-nowrap is-layout-flex wp-container-core-group-is-layout-6c531013 wp-block-group-is-layout-flex\">\n<p>Lord Voldemort: Nacido como Tom Marvolo Riddle, es descendiente de Salazar Slytherin. Desde joven mostr\u00f3 gran talento y ambici\u00f3n, pero tambi\u00e9n crueldad. <\/p>\n\n\n\n<p>Divide su alma en horrocruxes para alcanzar la inmortalidad. Representa el miedo a la muerte y la obsesi\u00f3n por el poder. Su incapacidad para comprender el amor es su mayor debilidad.<\/p>\n<\/div>\n\n\n\n<div style=\"height:12px\" aria-hidden=\"true\" class=\"wp-block-spacer\"><\/div>\n\n\n\n<p>&#8230;&#8230;&#8230;&#8230;&#8230;&#8230;&#8230;&#8230;&#8230;&#8230;&#8230;&#8230;&#8230;&#8230;&#8230;&#8230;&#8230;&#8230;&#8230;&#8230;&#8230;&#8230;&#8230;&#8230;&#8230;&#8230;&#8230;&#8230;&#8230;&#8230;&#8230;<\/p>\n","protected":false},"excerpt":{"rendered":"<p>Esta saga de pel\u00edculas se caracteriza por ocurrir dentro de una escuela de magia, por lo que, tenemos una gran variedad de personajes. Principalmente tenemos a los protagonistas y luego tambi\u00e9n tenemos a profesores y alumnos que sin ellos la saga no ser\u00eda la misma. Empezamos con el trio protagonista: &#8230;&#8230;&#8230;&#8230;&#8230;&#8230;&#8230;&#8230;&#8230;&#8230;&#8230;&#8230;&#8230;&#8230;&#8230;&#8230;&#8230;&#8230;&#8230;&#8230;&#8230;&#8230;&#8230;&#8230;&#8230;&#8230;&#8230;&#8230;&#8230;&#8230;&#8230; Harry Potter, el elegido, [&hellip;]<\/p>\n","protected":false},"author":2,"featured_media":0,"parent":0,"menu_order":0,"comment_status":"closed","ping_status":"closed","template":"","meta":{"footnotes":""},"class_list":["post-19","page","type-page","status-publish","hentry"],"_links":{"self":[{"href":"https:\/\/albacarmona.fpcei.eu\/index.php?rest_route=\/wp\/v2\/pages\/19","targetHints":{"allow":["GET"]}}],"collection":[{"href":"https:\/\/albacarmona.fpcei.eu\/index.php?rest_route=\/wp\/v2\/pages"}],"about":[{"href":"https:\/\/albacarmona.fpcei.eu\/index.php?rest_route=\/wp\/v2\/types\/page"}],"author":[{"embeddable":true,"href":"https:\/\/albacarmona.fpcei.eu\/index.php?rest_route=\/wp\/v2\/users\/2"}],"replies":[{"embeddable":true,"href":"https:\/\/albacarmona.fpcei.eu\/index.php?rest_route=%2Fwp%2Fv2%2Fcomments&post=19"}],"version-history":[{"count":18,"href":"https:\/\/albacarmona.fpcei.eu\/index.php?rest_route=\/wp\/v2\/pages\/19\/revisions"}],"predecessor-version":[{"id":219,"href":"https:\/\/albacarmona.fpcei.eu\/index.php?rest_route=\/wp\/v2\/pages\/19\/revisions\/219"}],"wp:attachment":[{"href":"https:\/\/albacarmona.fpcei.eu\/index.php?rest_route=%2Fwp%2Fv2%2Fmedia&parent=19"}],"curies":[{"name":"wp","href":"https:\/\/api.w.org\/{rel}","templated":true}]}}