{"id":23,"date":"2026-02-10T09:38:44","date_gmt":"2026-02-10T09:38:44","guid":{"rendered":"https:\/\/albacarmona.fpcei.eu\/?page_id=23"},"modified":"2026-02-25T20:01:46","modified_gmt":"2026-02-25T20:01:46","slug":"clasificacion-de-howarts","status":"publish","type":"page","link":"https:\/\/albacarmona.fpcei.eu\/?page_id=23","title":{"rendered":"Clasificaci\u00f3n de Hogwarts"},"content":{"rendered":"\n<figure class=\"wp-block-image alignleft size-large is-resized\"><img loading=\"lazy\" decoding=\"async\" width=\"1024\" height=\"576\" src=\"https:\/\/albacarmona.fpcei.eu\/wp-content\/uploads\/2026\/02\/16757871616555-1024x576.jpg\" alt=\"\" class=\"wp-image-72\" style=\"width:362px;height:auto\" srcset=\"https:\/\/albacarmona.fpcei.eu\/wp-content\/uploads\/2026\/02\/16757871616555-1024x576.jpg 1024w, https:\/\/albacarmona.fpcei.eu\/wp-content\/uploads\/2026\/02\/16757871616555-300x169.jpg 300w, https:\/\/albacarmona.fpcei.eu\/wp-content\/uploads\/2026\/02\/16757871616555-768x432.jpg 768w, https:\/\/albacarmona.fpcei.eu\/wp-content\/uploads\/2026\/02\/16757871616555-1536x864.jpg 1536w, https:\/\/albacarmona.fpcei.eu\/wp-content\/uploads\/2026\/02\/16757871616555.jpg 1920w\" sizes=\"auto, (max-width: 1024px) 100vw, 1024px\" \/><\/figure>\n\n\n\n<div class=\"wp-block-group is-nowrap is-layout-flex wp-container-core-group-is-layout-6c531013 wp-block-group-is-layout-flex\">\n<p>En la escuela de Hogwarts, los alumnos nuevos al llegar se ponen el sombrero seleccionador que les dice a que casa de Hogwarts pertenece y a la que deben ir. <\/p>\n\n\n\n<p>El sombrero seleccionador se le pone en las cabezas a los alumnos nuevos y elige las casas a las que deber\u00edan ir seg\u00fan su personalidad y destino. Estas casas son:<\/p>\n<\/div>\n\n\n\n<div style=\"height:28px\" aria-hidden=\"true\" class=\"wp-block-spacer\"><\/div>\n\n\n\n<figure class=\"wp-block-image alignright size-full is-resized\"><img loading=\"lazy\" decoding=\"async\" width=\"596\" height=\"298\" src=\"https:\/\/albacarmona.fpcei.eu\/wp-content\/uploads\/2026\/02\/griffindor-garri-potter-gryffindor-harry-potter.jpg\" alt=\"\" class=\"wp-image-73\" style=\"width:590px;height:auto\" srcset=\"https:\/\/albacarmona.fpcei.eu\/wp-content\/uploads\/2026\/02\/griffindor-garri-potter-gryffindor-harry-potter.jpg 596w, https:\/\/albacarmona.fpcei.eu\/wp-content\/uploads\/2026\/02\/griffindor-garri-potter-gryffindor-harry-potter-300x150.jpg 300w\" sizes=\"auto, (max-width: 596px) 100vw, 596px\" \/><\/figure>\n\n\n\n<div class=\"wp-block-group is-nowrap is-layout-flex wp-container-core-group-is-layout-6c531013 wp-block-group-is-layout-flex\">\n<p><strong><em>Gryffindor<\/em>:<\/strong> casa fundada por Godric Gryffindor y los alumnos que son de esta casa se caracterizan por su coraje, valent\u00eda, audacia, determinaci\u00f3n y caballerosidad, valoran la justicia, la nobleza y la caballerosidad, a menudo actuando sin pensar y rompiendo reglas por una causa noble. Esta casa est\u00e1 representada por un le\u00f3n y los colores rojo y dorado y su elemento que lo caracteriza es el fuego. Esta casa ha tenido como rival a la casa de Slytherin. a esta casa pertenecen personajes importantes como: Harry Potter, Hermione Granger, Albus Dumbledore, Minerva Mcgonagall y toda la familia Weasley. <\/p>\n<\/div>\n\n\n\n<div style=\"height:19px;width:37px\" aria-hidden=\"true\" class=\"wp-block-spacer\"><\/div>\n\n\n\n<figure class=\"wp-block-image alignleft size-large is-resized\"><img loading=\"lazy\" decoding=\"async\" width=\"1024\" height=\"512\" src=\"https:\/\/albacarmona.fpcei.eu\/wp-content\/uploads\/2026\/02\/insignia-slytherin-de-harry-potter-3543-1024x512.jpg\" alt=\"\" class=\"wp-image-76\" style=\"width:466px;height:auto\" srcset=\"https:\/\/albacarmona.fpcei.eu\/wp-content\/uploads\/2026\/02\/insignia-slytherin-de-harry-potter-3543-1024x512.jpg 1024w, https:\/\/albacarmona.fpcei.eu\/wp-content\/uploads\/2026\/02\/insignia-slytherin-de-harry-potter-3543-300x150.jpg 300w, https:\/\/albacarmona.fpcei.eu\/wp-content\/uploads\/2026\/02\/insignia-slytherin-de-harry-potter-3543-768x384.jpg 768w, https:\/\/albacarmona.fpcei.eu\/wp-content\/uploads\/2026\/02\/insignia-slytherin-de-harry-potter-3543-1536x768.jpg 1536w, https:\/\/albacarmona.fpcei.eu\/wp-content\/uploads\/2026\/02\/insignia-slytherin-de-harry-potter-3543-2048x1024.jpg 2048w\" sizes=\"auto, (max-width: 1024px) 100vw, 1024px\" \/><\/figure>\n\n\n\n<div class=\"wp-block-group is-nowrap is-layout-flex wp-container-core-group-is-layout-6c531013 wp-block-group-is-layout-flex\">\n<p><strong><em>Slytherin<\/em><\/strong>: &nbsp;fundada por Salazar Slytherin y los alumnos qeu pertenecen a esta casa se caracterizan por su ambici\u00f3n, astucia, ingenio, determinaci\u00f3n, autopreservaci\u00f3n y un fuerte desprecio por las reglas. Esta casa est\u00e1 representada con una serpiente y con los colores verde y plata y su elemento que lo caracteriza es el agua. La reputaci\u00f3n de esta casa esta asociada a los magos oscuros y la magia oscura incluyendo a Voldemort o Severus Snape. Su principal rival es la casa de Gryffindor. <\/p>\n<\/div>\n\n\n\n<div style=\"height:47px;width:0px\" aria-hidden=\"true\" class=\"wp-block-spacer\"><\/div>\n\n\n\n<figure class=\"wp-block-image alignright size-full is-resized\"><img loading=\"lazy\" decoding=\"async\" width=\"712\" height=\"356\" src=\"https:\/\/albacarmona.fpcei.eu\/wp-content\/uploads\/2026\/02\/7e603240323e644aeb68107982fa2243.jpg\" alt=\"\" class=\"wp-image-75\" style=\"width:466px;height:auto\" srcset=\"https:\/\/albacarmona.fpcei.eu\/wp-content\/uploads\/2026\/02\/7e603240323e644aeb68107982fa2243.jpg 712w, https:\/\/albacarmona.fpcei.eu\/wp-content\/uploads\/2026\/02\/7e603240323e644aeb68107982fa2243-300x150.jpg 300w\" sizes=\"auto, (max-width: 712px) 100vw, 712px\" \/><\/figure>\n\n\n\n<div class=\"wp-block-group is-nowrap is-layout-flex wp-container-core-group-is-layout-6c531013 wp-block-group-is-layout-flex\">\n<p><strong><em>Hufflepuff<\/em><\/strong>: fundada por Helga Hufflepuff y los alumnos que pertenecen a esta casa se caracterizan por&nbsp;valorar el trabajo duro, la paciencia, la lealtad, la honestidad y el juego limpio.&nbsp;Esta casa est\u00e1 representada con un tej\u00f3n y los colores amarillo y negro y su elemento que la caracteriza es la tierra. Personajes importantes de esta casa son: Cedric Diggory, Newt Scamander y Nymphadora Tonks. <\/p>\n<\/div>\n\n\n\n<div style=\"height:44px;width:0px\" aria-hidden=\"true\" class=\"wp-block-spacer\"><\/div>\n\n\n\n<figure class=\"wp-block-image alignleft size-large is-resized\"><img loading=\"lazy\" decoding=\"async\" width=\"1024\" height=\"576\" src=\"https:\/\/albacarmona.fpcei.eu\/wp-content\/uploads\/2026\/02\/ravenclaw-0biazn74ja08p3un-1024x576.jpg\" alt=\"\" class=\"wp-image-77\" style=\"width:471px;height:auto\" srcset=\"https:\/\/albacarmona.fpcei.eu\/wp-content\/uploads\/2026\/02\/ravenclaw-0biazn74ja08p3un-1024x576.jpg 1024w, https:\/\/albacarmona.fpcei.eu\/wp-content\/uploads\/2026\/02\/ravenclaw-0biazn74ja08p3un-300x169.jpg 300w, https:\/\/albacarmona.fpcei.eu\/wp-content\/uploads\/2026\/02\/ravenclaw-0biazn74ja08p3un-768x432.jpg 768w, https:\/\/albacarmona.fpcei.eu\/wp-content\/uploads\/2026\/02\/ravenclaw-0biazn74ja08p3un-1536x864.jpg 1536w, https:\/\/albacarmona.fpcei.eu\/wp-content\/uploads\/2026\/02\/ravenclaw-0biazn74ja08p3un.jpg 1920w\" sizes=\"auto, (max-width: 1024px) 100vw, 1024px\" \/><\/figure>\n\n\n\n<div class=\"wp-block-group is-nowrap is-layout-flex wp-container-core-group-is-layout-6c531013 wp-block-group-is-layout-flex\">\n<p><strong><em>Ravenclaw<\/em><\/strong>: fundada por Rowena Ravenclaw y los alumnos que pertenecen a esta casa se caracterizan por su ingenio, aprendizaje y sabidur\u00eda. Los colores que caracterizan a la casa son el azul y el bronce; su animal es el \u00e1guila y su elemento es el aire. Personajes importantes pertenecientes a esta casa: Luna Lovegood y Filius Flitwick. <\/p>\n<\/div>\n\n\n\n<p><\/p>\n","protected":false},"excerpt":{"rendered":"<p>En la escuela de Hogwarts, los alumnos nuevos al llegar se ponen el sombrero seleccionador que les dice a que casa de Hogwarts pertenece y a la que deben ir. El sombrero seleccionador se le pone en las cabezas a los alumnos nuevos y elige las casas a las que deber\u00edan ir seg\u00fan su personalidad [&hellip;]<\/p>\n","protected":false},"author":2,"featured_media":0,"parent":0,"menu_order":0,"comment_status":"closed","ping_status":"closed","template":"","meta":{"footnotes":""},"class_list":["post-23","page","type-page","status-publish","hentry"],"_links":{"self":[{"href":"https:\/\/albacarmona.fpcei.eu\/index.php?rest_route=\/wp\/v2\/pages\/23","targetHints":{"allow":["GET"]}}],"collection":[{"href":"https:\/\/albacarmona.fpcei.eu\/index.php?rest_route=\/wp\/v2\/pages"}],"about":[{"href":"https:\/\/albacarmona.fpcei.eu\/index.php?rest_route=\/wp\/v2\/types\/page"}],"author":[{"embeddable":true,"href":"https:\/\/albacarmona.fpcei.eu\/index.php?rest_route=\/wp\/v2\/users\/2"}],"replies":[{"embeddable":true,"href":"https:\/\/albacarmona.fpcei.eu\/index.php?rest_route=%2Fwp%2Fv2%2Fcomments&post=23"}],"version-history":[{"count":9,"href":"https:\/\/albacarmona.fpcei.eu\/index.php?rest_route=\/wp\/v2\/pages\/23\/revisions"}],"predecessor-version":[{"id":215,"href":"https:\/\/albacarmona.fpcei.eu\/index.php?rest_route=\/wp\/v2\/pages\/23\/revisions\/215"}],"wp:attachment":[{"href":"https:\/\/albacarmona.fpcei.eu\/index.php?rest_route=%2Fwp%2Fv2%2Fmedia&parent=23"}],"curies":[{"name":"wp","href":"https:\/\/api.w.org\/{rel}","templated":true}]}}